{"id":69,"date":"2026-02-08T20:49:57","date_gmt":"2026-02-08T20:49:57","guid":{"rendered":"https:\/\/loreto.pt\/?page_id=69"},"modified":"2026-02-24T19:38:54","modified_gmt":"2026-02-24T19:38:54","slug":"69-2","status":"publish","type":"page","link":"https:\/\/loreto.pt\/?page_id=69","title":{"rendered":"Hor\u00e1rio Igreja do Loreto"},"content":{"rendered":"\n<p><\/p>\n\n\n\n<p class=\"has-text-align-center\"><strong>Abertura da Igreja<\/strong>\u00a0<em>durante a semana:<\/em><\/p>\n\n\n\n<p class=\"has-text-align-center\">10h00 \u00e0s 12h30<\/p>\n\n\n\n<p class=\"has-text-align-center\">\u206016h00 \u00e0s 20h00<\/p>\n\n\n\n<p class=\"has-text-align-center\"><em>Domingo e dias de festa:<\/em><\/p>\n\n\n\n<p class=\"has-text-align-center\">8h30 \u00e0s 13h00<\/p>\n\n\n\n<p class=\"has-text-align-center\">16h30 \u00e0s 21h00<\/p>\n\n\n\n<p><\/p>\n\n\n\n<div class=\"wp-block-group has-global-padding is-layout-constrained wp-block-group-is-layout-constrained\">\n<p><strong>MISSAS<\/strong><\/p>\n<\/div>\n\n\n\n<div class=\"wp-block-group has-global-padding is-layout-constrained wp-block-group-is-layout-constrained\">\n<p><em>De segunda a s\u00e1bado:<\/em><\/p>\n<\/div>\n\n\n\n<p>12h00<\/p>\n\n\n\n<p>17h30 <\/p>\n\n\n\n<p>19h30<\/p>\n\n\n\n<p><em>Domingo:<\/em><\/p>\n\n\n\n<p>9h00<\/p>\n\n\n\n<p>11h30 (em italiano)<\/p>\n\n\n\n<p>17h30<\/p>\n\n\n\n<p>20h00\u200b\u200b<\/p>\n\n\n\n<p><\/p>\n\n\n\n<p><strong>CONFISS\u00d5ES<\/strong><\/p>\n\n\n\n<p><em>De segunda a s\u00e1bado:<\/em><\/p>\n\n\n\n<p>10h15 \u00e0s 12h30<\/p>\n\n\n\n<p>\u206016h00 \u00e0s 20h00<\/p>\n\n\n\n<p><em>Domingo e dias de festa:<\/em><\/p>\n\n\n\n<p>10h45 \u00e0s 13h00<\/p>\n\n\n\n<p>17h15 \u00e0s 20h30<\/p>\n\n\n\n<p><\/p>\n\n\n\n<p><strong>ADORA\u00c7\u00c3O EUCAR\u00cdSTICA<\/strong><\/p>\n\n\n\n<p><em>De segunda a s\u00e1bado:<\/em><\/p>\n\n\n\n<p>18h00 \u00e0s 19h15<\/p>\n\n\n\n<p><em>Domingo:<\/em><\/p>\n\n\n\n<p>18h15 \u00e0s 19h45\u200b<\/p>\n","protected":false},"excerpt":{"rendered":"<p>Abertura da Igreja\u00a0durante a semana: 10h00 \u00e0s 12h30 \u206016h00 \u00e0s 20h00 Domingo e dias de festa: 8h30 \u00e0s 13h00 16h30 \u00e0s 21h00 MISSAS De segunda a s\u00e1bado: 12h00 17h30 19h30 Domingo: 9h00 11h30 (em italiano) 17h30 20h00\u200b\u200b CONFISS\u00d5ES De segunda a s\u00e1bado: 10h15 \u00e0s 12h30 \u206016h00 \u00e0s 20h00 Domingo e dias de festa: 10h45 \u00e0s [&hellip;]<\/p>\n","protected":false},"author":4,"featured_media":0,"parent":0,"menu_order":0,"comment_status":"closed","ping_status":"closed","template":"","meta":{"footnotes":""},"class_list":["post-69","page","type-page","status-publish","hentry"],"jetpack_sharing_enabled":true,"_links":{"self":[{"href":"https:\/\/loreto.pt\/index.php?rest_route=\/wp\/v2\/pages\/69","targetHints":{"allow":["GET"]}}],"collection":[{"href":"https:\/\/loreto.pt\/index.php?rest_route=\/wp\/v2\/pages"}],"about":[{"href":"https:\/\/loreto.pt\/index.php?rest_route=\/wp\/v2\/types\/page"}],"author":[{"embeddable":true,"href":"https:\/\/loreto.pt\/index.php?rest_route=\/wp\/v2\/users\/4"}],"replies":[{"embeddable":true,"href":"https:\/\/loreto.pt\/index.php?rest_route=%2Fwp%2Fv2%2Fcomments&post=69"}],"version-history":[{"count":7,"href":"https:\/\/loreto.pt\/index.php?rest_route=\/wp\/v2\/pages\/69\/revisions"}],"predecessor-version":[{"id":236,"href":"https:\/\/loreto.pt\/index.php?rest_route=\/wp\/v2\/pages\/69\/revisions\/236"}],"wp:attachment":[{"href":"https:\/\/loreto.pt\/index.php?rest_route=%2Fwp%2Fv2%2Fmedia&parent=69"}],"curies":[{"name":"wp","href":"https:\/\/api.w.org\/{rel}","templated":true}]}}