{"id":285,"date":"2026-02-24T21:28:58","date_gmt":"2026-02-24T21:28:58","guid":{"rendered":"https:\/\/loreto.pt\/?page_id=285"},"modified":"2026-02-24T21:28:58","modified_gmt":"2026-02-24T21:28:58","slug":"padre-leon-dehon","status":"publish","type":"page","link":"https:\/\/loreto.pt\/?page_id=285","title":{"rendered":"Padre L\u00e9on Dehon"},"content":{"rendered":"\n<p><\/p>\n\n\n\n<figure class=\"wp-block-image size-full is-resized\"><img loading=\"lazy\" decoding=\"async\" width=\"720\" height=\"480\" src=\"https:\/\/loreto.pt\/wp-content\/uploads\/2025\/10\/dehon-2.png\" alt=\"\" class=\"wp-image-121\" style=\"width:500px;height:auto\" srcset=\"https:\/\/loreto.pt\/wp-content\/uploads\/2025\/10\/dehon-2.png 720w, https:\/\/loreto.pt\/wp-content\/uploads\/2025\/10\/dehon-2-300x200.png 300w\" sizes=\"auto, (max-width: 720px) 100vw, 720px\" \/><\/figure>\n\n\n\n<p>L\u00e9on-Gustave Dehon nasceu a 14 de Mar\u00e7o de 1843, em La Capelle, Fran\u00e7a. Desde adolescente que quis ser padre, contra a vontade do pai, a quem obedeceu frequentando o curso de Direito, em Paris. Aceitou fazer uma grande viagem, oferecida pelo seu pai para tentar esquecer a ideia de querer ser padre. Ao longo de 10 meses percorreu v\u00e1rias regi\u00f5es, entre elas a Terra Santa. No fim dessa viagem, o jovem Dehon partiu para Roma e entrou no Semin\u00e1rio Franc\u00eas de Santa Clara. A 19 de Dezembro de 1868, foi ordenado padre, na presen\u00e7a de seus pais.<\/p>\n\n\n\n<p>Nomeado Vig\u00e1rio Paroquial de Saint-Quintin, diocese de Soissons, assumiu a miss\u00e3o com todo o entusiasmo e empenhou-se nos diversos \u00e2mbitos de ac\u00e7\u00e3o da pastoral paroquial.<\/p>\n\n\n\n<p>Padre culto e bem preparado, din\u00e2mico, de uma profundidade espiritual manifesta, Dehon tinha algo que o inquietava. Depois de um longo discernimento, tomou a decis\u00e3o de fundar a Congrega\u00e7\u00e3o dos Sacerdotes do Cora\u00e7\u00e3o de Jesus, que aconteceu a 28 de Junho de 1878.&nbsp;<\/p>\n\n\n\n<p>Procurou tornar este novo grupo de irm\u00e3os numa escola onde se aprende e pratica a linguagem do Cora\u00e7\u00e3o de Jesus, n\u00e3o prendendo os seus membros a nenhuma obra em concreto, antes, a desenvolver um modo de ser e de estar que, pela cordialidade, distinguisse os Dehonianos, em qualquer lugar, como \u00abprofetas do amor e servidores da reconcilia\u00e7\u00e3o\u00bb.&nbsp; Com o objectivo de contribuir para uma s\u00edntese entre vida comunit\u00e1ria e compromisso social, empenhou-se em estruturar e difundir o pensamento social da Igreja, que dava os seus primeiros passos. O seu amigo, Papa Le\u00e3o XIII, com quem privava, confiou-lhe expressamente o encargo de \u00abpregar as suas enc\u00edclicas\u00bb. Organizou confer\u00eancias, fundou um jornal, colaborou com muitos jornais e revistas, publicou dezenas de livros, criou diversas obras de assist\u00eancia social, por um lado, bem como in\u00e9ditas plataformas de forma\u00e7\u00e3o \u00e9tica e crist\u00e3 de empres\u00e1rios.<\/p>\n\n\n\n<p>Faleceu a 12 de Agosto de 1925, com 82 anos de idade.<\/p>\n\n\n\n<p>Partilhando da vis\u00e3o evang\u00e9lica do nosso Fundador, o Padre Dehon, descobrimos e experimentamos no sinal do Lado Aberto e do Cora\u00e7\u00e3o Traspassado de Cristo, nosso Salvador, o amor \u00fanico e totalmente gratuito de Deus, que salva. Acolhendo o Esp\u00edrito, que faz de n\u00f3s novas criaturas, queremos corresponder a esse amor seguindo a vida de Jesus na profiss\u00e3o dos conselhos evang\u00e9licos de pobreza, celibato consagrado e obedi\u00eancia. Desta forma, unimo-nos \u00e0 perfeita oferta de Jesus, ao dom total de si mesmo ao Pai e aos irm\u00e3os at\u00e9 ao fim. Procuramos imitar Maria na sua disponibilidade ao projecto de Deus, oferecendo tudo o que fazemos e, sobretudo, o que somos, a nossa vida inteira para o servi\u00e7o do Reino.<\/p>\n\n\n\n<p>Prestamos assim a nossa fr\u00e1gil colabora\u00e7\u00e3o na obra renovadora de Cristo, servindo a miss\u00e3o da Igreja de Jesus na constante aten\u00e7\u00e3o aos homens e mulheres, levando o amor e a reconcilia\u00e7\u00e3o de Deus principalmente aos mais necessitados de amor.<\/p>\n\n\n\n<p>Esfor\u00e7amo-nos por viver em comunidades fraternas como realiza\u00e7\u00e3o da nova fraternidade poss\u00edvel em Cristo, conjugando as nossas for\u00e7as e fazendo de cada um de n\u00f3s um dom.<\/p>\n\n\n\n<p>Nutrimos e fortalecemos a nossa voca\u00e7\u00e3o de amor, oferta (<em>obla\u00e7\u00e3o<\/em>) e renova\u00e7\u00e3o (<em>repara\u00e7\u00e3o<\/em>), na Eucaristia, celebrando e adorando a Cristo na Sua obla\u00e7\u00e3o radical para a salva\u00e7\u00e3o de todos e para gl\u00f3ria e alegria de Deus Pai.<\/p>\n\n\n\n<p><\/p>\n\n\n\n<p><\/p>\n","protected":false},"excerpt":{"rendered":"<p>L\u00e9on-Gustave Dehon nasceu a 14 de Mar\u00e7o de 1843, em La Capelle, Fran\u00e7a. Desde adolescente que quis ser padre, contra a vontade do pai, a quem obedeceu frequentando o curso de Direito, em Paris. Aceitou fazer uma grande viagem, oferecida pelo seu pai para tentar esquecer a ideia de querer ser padre. Ao longo de [&hellip;]<\/p>\n","protected":false},"author":4,"featured_media":0,"parent":0,"menu_order":0,"comment_status":"closed","ping_status":"closed","template":"","meta":{"footnotes":""},"class_list":["post-285","page","type-page","status-publish","hentry"],"jetpack_sharing_enabled":true,"_links":{"self":[{"href":"https:\/\/loreto.pt\/index.php?rest_route=\/wp\/v2\/pages\/285","targetHints":{"allow":["GET"]}}],"collection":[{"href":"https:\/\/loreto.pt\/index.php?rest_route=\/wp\/v2\/pages"}],"about":[{"href":"https:\/\/loreto.pt\/index.php?rest_route=\/wp\/v2\/types\/page"}],"author":[{"embeddable":true,"href":"https:\/\/loreto.pt\/index.php?rest_route=\/wp\/v2\/users\/4"}],"replies":[{"embeddable":true,"href":"https:\/\/loreto.pt\/index.php?rest_route=%2Fwp%2Fv2%2Fcomments&post=285"}],"version-history":[{"count":1,"href":"https:\/\/loreto.pt\/index.php?rest_route=\/wp\/v2\/pages\/285\/revisions"}],"predecessor-version":[{"id":286,"href":"https:\/\/loreto.pt\/index.php?rest_route=\/wp\/v2\/pages\/285\/revisions\/286"}],"wp:attachment":[{"href":"https:\/\/loreto.pt\/index.php?rest_route=%2Fwp%2Fv2%2Fmedia&parent=285"}],"curies":[{"name":"wp","href":"https:\/\/api.w.org\/{rel}","templated":true}]}}