{"id":281,"date":"2026-02-24T20:59:13","date_gmt":"2026-02-24T20:59:13","guid":{"rendered":"https:\/\/loreto.pt\/?page_id=281"},"modified":"2026-02-24T21:26:08","modified_gmt":"2026-02-24T21:26:08","slug":"congregacao-dehoniana","status":"publish","type":"page","link":"https:\/\/loreto.pt\/?page_id=281","title":{"rendered":"Congrega\u00e7\u00e3o Dehoniana"},"content":{"rendered":"\n<p>A Congrega\u00e7\u00e3o dos Dehonianos \u2013 oficialmente, Sacerdotes do Cora\u00e7\u00e3o de Jesus (SCJ) \u2013 foi fundada em 1878, em Saint-Quintin (norte de Fran\u00e7a), pelo Padre L\u00e9on-Gustave Dehon. A sua experi\u00eancia de f\u00e9 \u2013 s\u00edntese admir\u00e1vel entre a marcante espiritualidade do Cora\u00e7\u00e3o de Jesus do s\u00e9c. XIX franc\u00eas, e a emergente consci\u00eancia de um compromisso social da Igreja de modo fundamentado, sistematizado e auxiliado pelas ci\u00eancias humanas e sociais, junto dos mais exclu\u00eddos \u2013 constitui a origem do Instituto e o seu carisma.&nbsp;<\/p>\n\n\n\n<p>Os in\u00edcios da Congrega\u00e7\u00e3o dos Sacerdotes do Cora\u00e7\u00e3o de Jesus (Dehonianos) remontam a 28 de Junho de 1878, data em que o Padre da Diocese de Soissons, L\u00e9on-Gustave Dehon, professa os conselhos evang\u00e9licos de pobreza, castidade e obedi\u00eancia, assumindo o nome de Jo\u00e3o <em>do Cora\u00e7\u00e3o de Jesus<\/em> Dehon. A denomina\u00e7\u00e3o inicial \u2013 \u00abOblatos do Cora\u00e7\u00e3o de Jesus\u00bb \u2013, muito querida ao Padre Jo\u00e3o Dehon, por exprimir perfeitamente a sua inten\u00e7\u00e3o, converte-se, a partir de 1884, em Sacerdotes do Cora\u00e7\u00e3o de Jesus, t\u00edtulo actual.<\/p>\n\n\n\n<p>Em 1946, chegaram a Portugal os primeiros Dehonianos, italianos, com o objectivo de implantar a Congrega\u00e7\u00e3o. Enquanto a Prov\u00edncia Italiana procurava um \u00abterrit\u00f3rio mission\u00e1rio\u00bb, D. Teod\u00f3sio de Gouveia, Cardeal Arcebispo de Louren\u00e7o Marques (hoje, Maputo), procurava, em It\u00e1lia, mission\u00e1rios para Mo\u00e7ambique, e um semin\u00e1rio mission\u00e1rio na ilha da Madeira, sua terra natal. Foi assim que chegaram ao Funchal, o P. Gastone Canova e o P. Angelo Colombo, sem meios e nem planos bem definidos.<\/p>\n\n\n\n<p>Em 80 anos de presen\u00e7a em Portugal, os Dehonianos procuraram responder \u00e0s necessidades da Igreja, estando presentes, neste momento: como formadores de futuros pastores e mission\u00e1rios; como p\u00e1rocos em cerca de 30 par\u00f3quias; na direc\u00e7\u00e3o de 2 escolas e 1 lar de inf\u00e2ncia e juventude; como capel\u00e3es hospitalares; como professores no ensino b\u00e1sico, secund\u00e1rio e universit\u00e1rio; como capel\u00e3es militares; como assistentes de v\u00e1rios grupos e comunidades&#8230; e onde quer seja necess\u00e1ria uma presen\u00e7a de \u00abprofetas do amor e servidores da reconcilia\u00e7\u00e3o\u00bb.<\/p>\n","protected":false},"excerpt":{"rendered":"<p>A Congrega\u00e7\u00e3o dos Dehonianos \u2013 oficialmente, Sacerdotes do Cora\u00e7\u00e3o de Jesus (SCJ) \u2013 foi fundada em 1878, em Saint-Quintin (norte de Fran\u00e7a), pelo Padre L\u00e9on-Gustave Dehon. A sua experi\u00eancia de f\u00e9 \u2013 s\u00edntese admir\u00e1vel entre a marcante espiritualidade do Cora\u00e7\u00e3o de Jesus do s\u00e9c. XIX franc\u00eas, e a emergente consci\u00eancia de um compromisso social da [&hellip;]<\/p>\n","protected":false},"author":4,"featured_media":0,"parent":0,"menu_order":0,"comment_status":"closed","ping_status":"closed","template":"","meta":{"footnotes":""},"class_list":["post-281","page","type-page","status-publish","hentry"],"jetpack_sharing_enabled":true,"_links":{"self":[{"href":"https:\/\/loreto.pt\/index.php?rest_route=\/wp\/v2\/pages\/281","targetHints":{"allow":["GET"]}}],"collection":[{"href":"https:\/\/loreto.pt\/index.php?rest_route=\/wp\/v2\/pages"}],"about":[{"href":"https:\/\/loreto.pt\/index.php?rest_route=\/wp\/v2\/types\/page"}],"author":[{"embeddable":true,"href":"https:\/\/loreto.pt\/index.php?rest_route=\/wp\/v2\/users\/4"}],"replies":[{"embeddable":true,"href":"https:\/\/loreto.pt\/index.php?rest_route=%2Fwp%2Fv2%2Fcomments&post=281"}],"version-history":[{"count":2,"href":"https:\/\/loreto.pt\/index.php?rest_route=\/wp\/v2\/pages\/281\/revisions"}],"predecessor-version":[{"id":284,"href":"https:\/\/loreto.pt\/index.php?rest_route=\/wp\/v2\/pages\/281\/revisions\/284"}],"wp:attachment":[{"href":"https:\/\/loreto.pt\/index.php?rest_route=%2Fwp%2Fv2%2Fmedia&parent=281"}],"curies":[{"name":"wp","href":"https:\/\/api.w.org\/{rel}","templated":true}]}}