{"id":164,"date":"2026-02-16T16:35:14","date_gmt":"2026-02-16T16:35:14","guid":{"rendered":"https:\/\/loreto.pt\/?page_id=164"},"modified":"2026-02-16T16:42:53","modified_gmt":"2026-02-16T16:42:53","slug":"arquivo","status":"publish","type":"page","link":"https:\/\/loreto.pt\/?page_id=164","title":{"rendered":"Arquivo"},"content":{"rendered":"\n<p><\/p>\n\n\n\n<p><strong>Em manuten\u00e7\u00e3o\u2026<\/strong><\/p>\n\n\n\n<p>Poder\u00e1 encontrar informa\u00e7\u00f5es relativas ao arquivo neste site:<\/p>\n\n\n\n<p><a href=\"https:\/\/arquivoloreto.fcsh.unl.pt\/guiainvent.html\">https:\/\/arquivoloreto.fcsh.unl.pt\/guiainvent.html<\/a><\/p>\n","protected":false},"excerpt":{"rendered":"<p>Em manuten\u00e7\u00e3o\u2026 Poder\u00e1 encontrar informa\u00e7\u00f5es relativas ao arquivo neste site: https:\/\/arquivoloreto.fcsh.unl.pt\/guiainvent.html<\/p>\n","protected":false},"author":4,"featured_media":0,"parent":0,"menu_order":0,"comment_status":"closed","ping_status":"closed","template":"","meta":{"footnotes":""},"class_list":["post-164","page","type-page","status-publish","hentry"],"jetpack_sharing_enabled":true,"_links":{"self":[{"href":"https:\/\/loreto.pt\/index.php?rest_route=\/wp\/v2\/pages\/164","targetHints":{"allow":["GET"]}}],"collection":[{"href":"https:\/\/loreto.pt\/index.php?rest_route=\/wp\/v2\/pages"}],"about":[{"href":"https:\/\/loreto.pt\/index.php?rest_route=\/wp\/v2\/types\/page"}],"author":[{"embeddable":true,"href":"https:\/\/loreto.pt\/index.php?rest_route=\/wp\/v2\/users\/4"}],"replies":[{"embeddable":true,"href":"https:\/\/loreto.pt\/index.php?rest_route=%2Fwp%2Fv2%2Fcomments&post=164"}],"version-history":[{"count":3,"href":"https:\/\/loreto.pt\/index.php?rest_route=\/wp\/v2\/pages\/164\/revisions"}],"predecessor-version":[{"id":175,"href":"https:\/\/loreto.pt\/index.php?rest_route=\/wp\/v2\/pages\/164\/revisions\/175"}],"wp:attachment":[{"href":"https:\/\/loreto.pt\/index.php?rest_route=%2Fwp%2Fv2%2Fmedia&parent=164"}],"curies":[{"name":"wp","href":"https:\/\/api.w.org\/{rel}","templated":true}]}}