{"id":112,"date":"2026-02-08T21:41:10","date_gmt":"2026-02-08T21:41:10","guid":{"rendered":"https:\/\/loreto.pt\/?page_id=112"},"modified":"2026-02-24T20:38:29","modified_gmt":"2026-02-24T20:38:29","slug":"acontecimentos","status":"publish","type":"page","link":"https:\/\/loreto.pt\/?page_id=112","title":{"rendered":"Programa\u00e7\u00e3o"},"content":{"rendered":"\n<p><\/p>\n\n\n\n<p><strong>Concerto da Banda da GNR a favor da AFIM<\/strong><\/p>\n\n\n\n<p>27 de fevereiro \u00e0s 21h30<\/p>\n\n\n\n<p><\/p>\n\n\n\n<hr class=\"wp-block-separator has-alpha-channel-opacity\"\/>\n\n\n\n<p><strong>Concerto do Gran Duo Italiano para a abertura do ciclo de confer\u00eancias no \u00e2mbito do 8.\u00ba centen\u00e1rio da morte de S\u00e3o Francisco<\/strong><\/p>\n\n\n\n<p>18 de mar\u00e7o \u00e0s 18h00<\/p>\n\n\n\n<figure class=\"wp-block-image size-large is-resized\"><img loading=\"lazy\" decoding=\"async\" width=\"725\" height=\"1024\" src=\"https:\/\/loreto.pt\/wp-content\/uploads\/2026\/02\/LOCANDINA-GRAN-DUO-LORETO-23_02.jpg_page-0001-725x1024.jpg\" alt=\"\" class=\"wp-image-268\" style=\"aspect-ratio:0.708018616006714;width:293px;height:auto\" srcset=\"https:\/\/loreto.pt\/wp-content\/uploads\/2026\/02\/LOCANDINA-GRAN-DUO-LORETO-23_02.jpg_page-0001-725x1024.jpg 725w, https:\/\/loreto.pt\/wp-content\/uploads\/2026\/02\/LOCANDINA-GRAN-DUO-LORETO-23_02.jpg_page-0001-212x300.jpg 212w, https:\/\/loreto.pt\/wp-content\/uploads\/2026\/02\/LOCANDINA-GRAN-DUO-LORETO-23_02.jpg_page-0001-768x1085.jpg 768w, https:\/\/loreto.pt\/wp-content\/uploads\/2026\/02\/LOCANDINA-GRAN-DUO-LORETO-23_02.jpg_page-0001-1087x1536.jpg 1087w, https:\/\/loreto.pt\/wp-content\/uploads\/2026\/02\/LOCANDINA-GRAN-DUO-LORETO-23_02.jpg_page-0001.jpg 1241w\" sizes=\"auto, (max-width: 725px) 100vw, 725px\" \/><\/figure>\n\n\n\n<p><\/p>\n\n\n\n<hr class=\"wp-block-separator has-alpha-channel-opacity\"\/>\n\n\n\n<p><strong>Concerto quaresmal da Polyphonia Schola Cantorum<\/strong><\/p>\n\n\n\n<p>22 de mar\u00e7o \u00e0s 16h00<\/p>\n","protected":false},"excerpt":{"rendered":"<p>Concerto da Banda da GNR a favor da AFIM 27 de fevereiro \u00e0s 21h30 Concerto do Gran Duo Italiano para a abertura do ciclo de confer\u00eancias no \u00e2mbito do 8.\u00ba centen\u00e1rio da morte de S\u00e3o Francisco 18 de mar\u00e7o \u00e0s 18h00 Concerto quaresmal da Polyphonia Schola Cantorum 22 de mar\u00e7o \u00e0s 16h00<\/p>\n","protected":false},"author":4,"featured_media":0,"parent":0,"menu_order":0,"comment_status":"closed","ping_status":"closed","template":"","meta":{"footnotes":""},"class_list":["post-112","page","type-page","status-publish","hentry"],"jetpack_sharing_enabled":true,"_links":{"self":[{"href":"https:\/\/loreto.pt\/index.php?rest_route=\/wp\/v2\/pages\/112","targetHints":{"allow":["GET"]}}],"collection":[{"href":"https:\/\/loreto.pt\/index.php?rest_route=\/wp\/v2\/pages"}],"about":[{"href":"https:\/\/loreto.pt\/index.php?rest_route=\/wp\/v2\/types\/page"}],"author":[{"embeddable":true,"href":"https:\/\/loreto.pt\/index.php?rest_route=\/wp\/v2\/users\/4"}],"replies":[{"embeddable":true,"href":"https:\/\/loreto.pt\/index.php?rest_route=%2Fwp%2Fv2%2Fcomments&post=112"}],"version-history":[{"count":6,"href":"https:\/\/loreto.pt\/index.php?rest_route=\/wp\/v2\/pages\/112\/revisions"}],"predecessor-version":[{"id":272,"href":"https:\/\/loreto.pt\/index.php?rest_route=\/wp\/v2\/pages\/112\/revisions\/272"}],"wp:attachment":[{"href":"https:\/\/loreto.pt\/index.php?rest_route=%2Fwp%2Fv2%2Fmedia&parent=112"}],"curies":[{"name":"wp","href":"https:\/\/api.w.org\/{rel}","templated":true}]}}