{"id":107,"date":"2026-02-08T21:13:26","date_gmt":"2026-02-08T21:13:26","guid":{"rendered":"https:\/\/loreto.pt\/?page_id=107"},"modified":"2026-02-09T19:59:30","modified_gmt":"2026-02-09T19:59:30","slug":"historia-da-igreja","status":"publish","type":"page","link":"https:\/\/loreto.pt\/?page_id=107","title":{"rendered":"Hist\u00f3ria da Igreja"},"content":{"rendered":"\n<p><br>A\u00a0<strong>Igreja de Nossa Senhora do Loreto<\/strong>, em Lisboa, foi fundada em\u00a0<strong>1550<\/strong>\u00a0como lugar de culto da\u00a0comunidade italiana, organizada como par\u00f3quia desde o final do s\u00e9culo XV sob a prote\u00e7\u00e3o de Nossa Senhora do Loreto. Ao longo dos s\u00e9culos, a igreja sofreu v\u00e1rios\u00a0inc\u00eandios\u00a0e foi gravemente afetada pelo\u00a0terramoto de 1755, sendo reconstru\u00edda e restaurada at\u00e9 \u00e0 sua reabertura em\u00a01785, sob a dire\u00e7\u00e3o do arquiteto\u00a0Jos\u00e9 da Costa Silva.<\/p>\n\n\n\n<p>A igreja possui um elevado\u00a0valor hist\u00f3rico e art\u00edstico, destacando-se o grande fresco do teto de\u00a0Pedro Alexandrino, as numerosas obras de arte e os m\u00e1rmores provenientes de It\u00e1lia. Os altares s\u00e3o dedicados a santos ligados a cidades italianas e, no altar-mor, sobressai a imagem tricenten\u00e1ria de\u00a0Nossa Senhora do Loreto, em madeira de cedro do L\u00edbano, c\u00f3pia da imagem venerada no santu\u00e1rio de Loreto, em It\u00e1lia. As bandeiras de\u00a0It\u00e1lia\u00a0e do\u00a0Vaticano\u00a0simbolizam a sua liga\u00e7\u00e3o \u00e0 comunidade italiana e \u00e0 Santa S\u00e9.<\/p>\n\n\n\n<p>A\u00a0sacristia, datada de\u00a01657, \u00e9 um dos espa\u00e7os mais valiosos da igreja, tendo resistido ao terramoto e aos inc\u00eandios. Ao longo da sua hist\u00f3ria, a Igreja do Loreto acolheu\u00a0figuras hist\u00f3ricas de grande relevo, como reis, papas e importantes personalidades religiosas.<\/p>\n\n\n\n<p>A Igreja est\u00e1 profundamente ligada \u00e0 \u00e9poca dos\u00a0Descobrimentos, ao contributo dos italianos em Lisboa e aos valores do\u00a0humanismo e do cristianismo. Espiritualmente, mant\u00e9m uma forte liga\u00e7\u00e3o ao\u00a0<strong>Santu\u00e1rio de Loreto<\/strong>, o primeiro grande santu\u00e1rio mariano internacional, sendo\u00a0Nossa Senhora do Loreto a padroeira da Avia\u00e7\u00e3o.<\/p>\n\n\n\n<p>Atualmente, a Igreja do Loreto \u00e9 a&nbsp;<strong>Par\u00f3quia dos Italianos de Lisboa<\/strong>, onde se celebram missas em l\u00edngua italiana aos domingos e dias santos, mantendo como miss\u00e3o a viv\u00eancia e a partilha da f\u00e9 crist\u00e3 atrav\u00e9s da ora\u00e7\u00e3o, da comunh\u00e3o e do servi\u00e7o \u00e0 comunidade.<\/p>\n\n\n\n<figure class=\"wp-block-image size-large is-resized\"><img loading=\"lazy\" decoding=\"async\" width=\"787\" height=\"1024\" src=\"https:\/\/loreto.pt\/wp-content\/uploads\/2026\/02\/Screenshot-2026-01-24-at-16.20.13-787x1024.png\" alt=\"\" class=\"wp-image-137\" style=\"width:528px;height:auto\" srcset=\"https:\/\/loreto.pt\/wp-content\/uploads\/2026\/02\/Screenshot-2026-01-24-at-16.20.13-787x1024.png 787w, https:\/\/loreto.pt\/wp-content\/uploads\/2026\/02\/Screenshot-2026-01-24-at-16.20.13-231x300.png 231w, https:\/\/loreto.pt\/wp-content\/uploads\/2026\/02\/Screenshot-2026-01-24-at-16.20.13-768x999.png 768w, https:\/\/loreto.pt\/wp-content\/uploads\/2026\/02\/Screenshot-2026-01-24-at-16.20.13.png 918w\" sizes=\"auto, (max-width: 787px) 100vw, 787px\" \/><\/figure>\n","protected":false},"excerpt":{"rendered":"<p>A\u00a0Igreja de Nossa Senhora do Loreto, em Lisboa, foi fundada em\u00a01550\u00a0como lugar de culto da\u00a0comunidade italiana, organizada como par\u00f3quia desde o final do s\u00e9culo XV sob a prote\u00e7\u00e3o de Nossa Senhora do Loreto. Ao longo dos s\u00e9culos, a igreja sofreu v\u00e1rios\u00a0inc\u00eandios\u00a0e foi gravemente afetada pelo\u00a0terramoto de 1755, sendo reconstru\u00edda e restaurada at\u00e9 \u00e0 sua reabertura [&hellip;]<\/p>\n","protected":false},"author":4,"featured_media":0,"parent":0,"menu_order":0,"comment_status":"closed","ping_status":"closed","template":"","meta":{"footnotes":""},"class_list":["post-107","page","type-page","status-publish","hentry"],"jetpack_sharing_enabled":true,"_links":{"self":[{"href":"https:\/\/loreto.pt\/index.php?rest_route=\/wp\/v2\/pages\/107","targetHints":{"allow":["GET"]}}],"collection":[{"href":"https:\/\/loreto.pt\/index.php?rest_route=\/wp\/v2\/pages"}],"about":[{"href":"https:\/\/loreto.pt\/index.php?rest_route=\/wp\/v2\/types\/page"}],"author":[{"embeddable":true,"href":"https:\/\/loreto.pt\/index.php?rest_route=\/wp\/v2\/users\/4"}],"replies":[{"embeddable":true,"href":"https:\/\/loreto.pt\/index.php?rest_route=%2Fwp%2Fv2%2Fcomments&post=107"}],"version-history":[{"count":6,"href":"https:\/\/loreto.pt\/index.php?rest_route=\/wp\/v2\/pages\/107\/revisions"}],"predecessor-version":[{"id":139,"href":"https:\/\/loreto.pt\/index.php?rest_route=\/wp\/v2\/pages\/107\/revisions\/139"}],"wp:attachment":[{"href":"https:\/\/loreto.pt\/index.php?rest_route=%2Fwp%2Fv2%2Fmedia&parent=107"}],"curies":[{"name":"wp","href":"https:\/\/api.w.org\/{rel}","templated":true}]}}